{"id":193,"date":"2021-02-11T13:05:09","date_gmt":"2021-02-11T12:05:09","guid":{"rendered":"https:\/\/virtual-gallery-ikl.akbild.ac.at\/?page_id=193"},"modified":"2024-02-11T17:58:36","modified_gmt":"2024-02-11T16:58:36","slug":"impressum","status":"publish","type":"page","link":"https:\/\/virtual-gallery-ikl.akbild.ac.at\/index.php\/impressum\/","title":{"rendered":"Impressum"},"content":{"rendered":"\n<p><\/p>\n\n\n\n<h3 class=\"wp-block-heading alignwide\" style=\"font-style:normal;font-weight:300\"><strong>Impressum<\/strong><\/h3>\n\n\n\n<div class=\"wp-block-group alignwide has-regular-font-size\" style=\"font-style:normal;font-weight:300\"><div class=\"wp-block-group__inner-container is-layout-constrained wp-block-group-is-layout-constrained\">\n<p><strong>Medieninhaberin, Herausgeberin, inhaltliche und redaktionelle Verantwortung:<\/strong><br>Akademie der bildenden K\u00fcnste Wien<\/p>\n\n\n\n<p><strong>Anregungen, Beschwerden und W\u00fcnsche an:<\/strong><br><a href=\"mailto:webmaster@akbild.ac.at\">webmaster@akbild.ac.at<\/a><strong><br><\/strong><br><strong>Technischer Support:<\/strong><br>Die technische Betreuung des Servers www.akbild.ac.at erfolgt durch den Zentralen Informatikdienst der Akademie der bildenden K\u00fcnste Wien, Karl-Schweighofer-Gasse 3, A &#8211; 1070 Wien.<br>Sollten bei Ihnen technische Probleme auftreten, so richten Sie Ihre eMail bitte an <a href=\"mailto:hostmaster@akbild.ac.at\">hostmaster@akbild.ac.at<\/a><br><br><strong>Aufsichtsbeh\u00f6rde der Akademie der bildenden K\u00fcnste Wien:<\/strong><br>Bundesministerium f\u00fcr Bildung Wissenschaft und Forschung (BMBWF)<br><strong><br>Umsatzsteuer-Identifikationsnummer (UID) der Akademie der bildenden K\u00fcnste Wien:<\/strong> <br>ATU37977908<br><br><strong>Haftungsausschluss:<\/strong><br>S\u00e4mtliche Texte auf der Homepage der Akademie der bildenden K\u00fcnste Wien wurden sorgf\u00e4ltig gepr\u00fcft. Dessen ungeachtet kann keine Garantie f\u00fcr die Richtigkeit, Vollst\u00e4ndigkeit und Aktualit\u00e4t der Angaben \u00fcbernommen werden. Eine Haftung der Akademie der bildenden K\u00fcnste Wien wird daher ausgeschlossen. Die Links zu anderen Webseiten wurden sorgf\u00e4ltig ausgew\u00e4hlt. Da die Akademie der bildenden K\u00fcnste Wien auf deren Inhalt keinen Einfluss hat, \u00fcbernimmt sie daf\u00fcr keine Verantwortung.<br><br>\u00a9 Das Copyright liegt bei der Akademie der bildenden K\u00fcnste Wien, bzw. den jeweiligen AutorInnen und K\u00fcnstlerInnen<\/p>\n\n\n\n<p><a href=\"https:\/\/www.akbild.ac.at\/\">https:\/\/www.akbild.ac.at<\/a><\/p>\n<\/div><\/div>\n","protected":false},"excerpt":{"rendered":"<p>Impressum Medieninhaberin, Herausgeberin, inhaltliche und redaktionelle Verantwortung:Akademie der bildenden K\u00fcnste Wien Anregungen, Beschwerden und W\u00fcnsche an:webmaster@akbild.ac.atTechnischer Support:Die technische Betreuung des Servers www.akbild.ac.at erfolgt durch den Zentralen Informatikdienst der Akademie der bildenden K\u00fcnste Wien, Karl-Schweighofer-Gasse 3, A &#8211; 1070 Wien.Sollten bei Ihnen technische Probleme auftreten, so richten Sie Ihre eMail bitte an hostmaster@akbild.ac.at Aufsichtsbeh\u00f6rde der Akademie [&hellip;]<\/p>\n","protected":false},"author":2,"featured_media":0,"parent":0,"menu_order":0,"comment_status":"closed","ping_status":"closed","template":"","meta":{"footnotes":""},"class_list":["post-193","page","type-page","status-publish","hentry","missing-thumbnail"],"_links":{"self":[{"href":"https:\/\/virtual-gallery-ikl.akbild.ac.at\/index.php\/wp-json\/wp\/v2\/pages\/193"}],"collection":[{"href":"https:\/\/virtual-gallery-ikl.akbild.ac.at\/index.php\/wp-json\/wp\/v2\/pages"}],"about":[{"href":"https:\/\/virtual-gallery-ikl.akbild.ac.at\/index.php\/wp-json\/wp\/v2\/types\/page"}],"author":[{"embeddable":true,"href":"https:\/\/virtual-gallery-ikl.akbild.ac.at\/index.php\/wp-json\/wp\/v2\/users\/2"}],"replies":[{"embeddable":true,"href":"https:\/\/virtual-gallery-ikl.akbild.ac.at\/index.php\/wp-json\/wp\/v2\/comments?post=193"}],"version-history":[{"count":11,"href":"https:\/\/virtual-gallery-ikl.akbild.ac.at\/index.php\/wp-json\/wp\/v2\/pages\/193\/revisions"}],"predecessor-version":[{"id":2727,"href":"https:\/\/virtual-gallery-ikl.akbild.ac.at\/index.php\/wp-json\/wp\/v2\/pages\/193\/revisions\/2727"}],"wp:attachment":[{"href":"https:\/\/virtual-gallery-ikl.akbild.ac.at\/index.php\/wp-json\/wp\/v2\/media?parent=193"}],"curies":[{"name":"wp","href":"https:\/\/api.w.org\/{rel}","templated":true}]}}