{"id":33,"date":"2021-02-09T15:16:58","date_gmt":"2021-02-09T14:16:58","guid":{"rendered":"https:\/\/virtual-gallery-ikl.akbild.ac.at\/?page_id=33"},"modified":"2024-02-11T17:59:54","modified_gmt":"2024-02-11T16:59:54","slug":"kontakt","status":"publish","type":"page","link":"https:\/\/virtual-gallery-ikl.akbild.ac.at\/index.php\/kontakt\/","title":{"rendered":"Datenschutzerkl\u00e4rung"},"content":{"rendered":"\n<h3 class=\"wp-block-heading alignwide has-regular-font-size\" style=\"font-style:normal;font-weight:300\"><strong>Datenschutzerkl\u00e4rung<\/strong><\/h3>\n\n\n\n<div class=\"wp-block-group alignwide has-regular-font-size\" style=\"font-style:normal;font-weight:300\"><div class=\"wp-block-group__inner-container is-layout-constrained wp-block-group-is-layout-constrained\">\n<p>Der Schutz und die Sicherheit Ihrer pers\u00f6nlichen Daten sind uns ein wichtiges Anliegen. Diese Webseite speichert und verarbeitet Daten daher ausschlie\u00dflich im Sinne der \u00f6sterreichischen und europ\u00e4ischen Datenschutzgrundverordnung (DSGVO). Sie als Nutzer_in stimmen der Datenverarbeitung im Sinne dieser Erkl\u00e4rung zu. Die aktuelle Fassung der DSGVO finden sie unter: <a rel=\"noreferrer noopener\" href=\"http:\/\/eur-lex.europa.eu\/legal-content\/DE\/TXT\/HTML\/?uri=CELEX:32016R0679&amp;from=DE\" target=\"_blank\">http:\/\/eur-lex.europa.eu\/legal-content\/DE\/TXT\/HTML\/?uri=CELEX:32016R0679&amp;from=DE<\/a>.<\/p>\n\n\n\n<p>Diese Datenschutzerkl\u00e4rung bezieht sich auf den gesamten Webauftritt der Akademie der bildenden K\u00fcnste Wien. Falls Sie \u00fcber Links auf unseren Seiten auf andere Seiten weitergeleitet werden, informieren Sie sich direkt auf der weitergeleiteten Webseite \u00fcber den jeweiligen Umgang mit Ihren Daten. Ihre personenbezogenen Daten (z.B. Anrede, Name, Anschrift, E-Mail-Adresse, Telefonnummer) werden von uns nur gem\u00e4\u00df den Bestimmungen des \u00f6sterreichischen Datenschutzrechts verarbeitet. Die nachfolgenden Vorschriften informieren Sie \u00fcber Art, Umfang und Zweck der Erhebung, Verarbeitung und Nutzung personenbezogener Daten.<\/p>\n\n\n\n<p>Die Nutzung dieser Webseite ist in der Regel ohne Angabe personenbezogener Daten m\u00f6glich. Soweit auf unseren Seiten personenbezogene Daten (beispielsweise Name, Anschrift oder E-Mail-Adressen) erhoben werden, erfolgt dies, soweit m\u00f6glich, stets auf freiwilliger Basis. Diese Daten werden ohne Ihre ausdr\u00fcckliche Zustimmung keinesfalls an Dritte weitergegeben.<\/p>\n\n\n\n<p>Wir weisen darauf hin, dass die Daten\u00fcbertragung im Internet (z.B. bei der Kommunikation per E-Mail oder \u00fcber nicht verschl\u00fcsselte Webseiten) Sicherheitsl\u00fccken aufweisen kann. Ein l\u00fcckenloser Schutz der Daten vor dem Zugriff durch Dritte ist nicht m\u00f6glich.<\/p>\n\n\n\n<p>Bei Beauftragung \u00fcber unsere Webseite werden Ihre \u00fcbermittelten oder eingegebenen Daten manuell oder automatisiert mit dem vorhandenen Datenbestand auf G\u00fcltigkeit und Aktualit\u00e4t \u00fcberpr\u00fcft und gegebenenfalls abgeglichen, um die bei uns gespeicherten Daten zu korrigieren. Dazu kann es notwendig sein, dass unsere Mitarbeiter_innen mit Ihnen Kontakt aufnehmen m\u00fcssen. Dies geschieht mittels E-Mail oder telefonisch. Die von Ihnen eingegebenen Daten werden ausschlie\u00dflich f\u00fcr die Auftragsabwicklung verwendet, eine Weitergabe der Daten an Dritte erfolgt nicht.<\/p>\n\n\n\n<p>Bereits hier sei darauf hingewiesen, dass Gesetzes\u00e4nderungen oder \u00c4nderungen unserer internen Prozesse eine Anpassung dieser Datenschutzerkl\u00e4rung erforderlich machen k\u00f6nnten. Infolgedessen bitten wie Sie, diese regelm\u00e4\u00dfig durchzulesen. Die <a href=\"https:\/\/www.akbild.ac.at\/Portal\/Datenschutzerklarung_Webauftritt.docx\">Datenschutzerkl\u00e4rung<\/a> kann jederzeit heruntergeladen und ausgedruckt werden.<\/p>\n\n\n\n<p><strong>1. Verantwortlicher lt. DSGVO, anderer nationaler Datenschutzgesetze der Mitgliedsstaaten und sonstiger datenschutzrechtlicher Rechtsvorschriften sowie Geltungsbereich:<\/strong><\/p>\n\n\n\n<p>Akademie der bildenden K\u00fcnste Wien<br>Schillerplatz 3, 1010 Wien<br>Telefon: +43 1 58816 &#8211; 0<br>Webseite: <a href=\"http:\/\/www.akbild.ac.at\">http:\/\/www.akbild.ac.at<\/a><\/p>\n\n\n\n<p>Diese Datenschutzerkl\u00e4rung gilt f\u00fcr das Internetangebot der Akademie der bildenden K\u00fcnste Wien, das unter der Domain akbild.ac.at sowie den verschiedenen Subdomains (im Folgenden \u201eunser Webauftritt\u201c oder \u201eInternetauftritt\u201c genannt) abrufbar ist.<\/p>\n\n\n\n<p><strong>2. Die Datenschutzbeauftragten des Verantwortlichen sind:<\/strong><\/p>\n\n\n\n<p>Mag. Andreas Ferus, MSc<br><br>David Mitterhuber<\/p>\n\n\n\n<p>Sofern Betroffenenrechte (z.B. Recht auf Auskunft, Recht auf L\u00f6schung etc.) geltend gemacht werden, sind diese Ansuchen bzw. Antr\u00e4ge ausnahmslos an <a href=\"mailto:datenschutz@akbild.ac.at\">datenschutz@akbild.ac.at<\/a> oder postalisch an Akademie der bildenden K\u00fcnste Wien, AG Datenschutz, Schillerplatz 3, 1010 Wien zu richten.<\/p>\n\n\n\n<p><strong>3. Allgemeines zur Datenverarbeitung<\/strong><\/p>\n\n\n\n<p><strong>3.1. Personenbezogene Daten<\/strong><\/p>\n\n\n\n<p>Personenbezogene Daten sind Einzelangaben \u00fcber pers\u00f6nliche oder sachliche Verh\u00e4ltnisse einer bestimmten oder bestimmbaren nat\u00fcrlichen Person (Betroffene_r). Hierzu geh\u00f6ren beispielsweise Informationen wie Ihr Name, Ihre Anschrift, Ihre Telefonnummer, Ihr Geburtsdatum oder Ihre E-Mail-Adresse. Informationen, bei denen wir keinen (oder nur mit einem unverh\u00e4ltnism\u00e4\u00dfigen Aufwand einen) Bezug zu Ihrer Person herstellen k\u00f6nnen, z. B. anonymisierte Informationen, sind keine personenbezogenen Daten.<\/p>\n\n\n\n<p><strong>3.2. Umfang<\/strong><\/p>\n\n\n\n<p>Wir erheben und verwenden personenbezogene Daten unserer Nutzer_innen grunds\u00e4tzlich nur, soweit dies zur Bereitstellung funktionsf\u00e4higer Websites sowie unserer Inhalte und Leistungen erforderlich ist. Wir nutzen Ihre personenbezogenen Daten f\u00fcr die Bereitstellung der von uns angebotenen Informationen, der gew\u00fcnschten Dienstleistungen, f\u00fcr die Beantwortung Ihrer Fragen sowie f\u00fcr den Betrieb und die Verbesserung unserer Websites und Anwendungen. Die Erhebung und Verwendung personenbezogener Daten unserer Nutzer_innen erfolgt nur nach entsprechender Rechtsgrundlage im Sinne der DSGVO, z.B. nach Einwilligung der Nutzerin\/des Nutzers.<\/p>\n\n\n\n<p>Eine weitere Verarbeitung Ihrer personenbezogenen Daten findet nicht statt. Eine \u00dcbermittlung Ihrer personenbezogenen Daten an Dritte oder eine Nutzung Ihrer Daten zu Werbezwecken ohne Ihre Einwilligung findet nicht statt, es sei denn, dass wir zu deren \u00dcbermittlung gesetzlich verpflichtet sind.<\/p>\n\n\n\n<p><strong>3.3. Rechtsgrundlage<\/strong><\/p>\n\n\n\n<p>Soweit wir f\u00fcr Verarbeitungsvorg\u00e4nge personenbezogener Daten eine Einwilligung der betroffenen Person einholen, dient Art. 6 Abs. 1 lit. a EU-Datenschutzgrundverordnung (DSGVO) als Rechtsgrundlage f\u00fcr die Verarbeitung personenbezogener Daten. Bei der Verarbeitung von personenbezogenen Daten, die zur Erf\u00fcllung eines Vertrages, dessen Vertragspartei die betroffene Person ist, erforderlich ist, dient Art. 6 Abs. 1 lit. b DSGVO als Rechtsgrundlage. Dies gilt auch f\u00fcr Verarbeitungsvorg\u00e4nge, die zur Durchf\u00fchrung vorvertraglicher Ma\u00dfnahmen erforderlich sind. Soweit eine Verarbeitung personenbezogener Daten zur Erf\u00fcllung einer rechtlichen Verpflichtung erforderlich ist, der die Akademie der bildenden K\u00fcnste Wien unterliegt, dient Art. 6 Abs. 1 lit. c DSGVO als Rechtsgrundlage.<\/p>\n\n\n\n<p>F\u00fcr den Fall, dass lebenswichtige Interessen der betroffenen Person oder einer anderen nat\u00fcrlichen Person eine Verarbeitung personenbezogener Daten erforderlich machen, dient Art. 6 Abs. 1 lit. d DSGVO als Rechtsgrundlage. Ist die Verarbeitung zur Wahrung eines berechtigten Interesses der Akademie der bildenden K\u00fcnste Wien oder eines\/einer Dritten erforderlich und \u00fcberwiegen die Interessen, Grundrechte und Grundfreiheiten der\/des Betroffenen das erstgenannte Interesse nicht, so dient Art. 6 Abs. 1 lit. f DSGVO als Rechtsgrundlage f\u00fcr die Verarbeitung.<\/p>\n\n\n\n<p><strong>3.4. Datenl\u00f6schung und Aufbewahrungsdauer<\/strong><\/p>\n\n\n\n<p>Die personenbezogenen Daten der betroffenen Person werden gel\u00f6scht oder gesperrt, sobald der Zweck der Speicherung entf\u00e4llt. Eine Speicherung kann dar\u00fcber hinaus dann erfolgen, wenn dies durch den europ\u00e4ischen oder nationalen Gesetzgeber in unionsrechtlichen Verordnungen, Gesetzen oder sonstigen Vorschriften, denen der Verantwortliche unterliegt, vorgesehen wurde. Eine Sperrung oder L\u00f6schung der Daten erfolgt auch dann, wenn eine durch die genannten Normen vorgeschriebene Speicherfrist abl\u00e4uft, es sei denn, dass eine Erforderlichkeit zur weiteren Speicherung der Daten f\u00fcr einen Vertragsabschluss oder eine Vertragserf\u00fcllung besteht.<\/p>\n\n\n\n<p><strong>4. Spezifische Datenschutzerkl\u00e4rungen<\/strong><\/p>\n\n\n\n<p><strong>4.1. Datenschutz f\u00fcr den Studierendenaustausch<\/strong><\/p>\n\n\n\n<p>Der Zweck der Verarbeitung Ihrer personenbezogenen Daten ist die Erm\u00f6glichung eines Studierendenaustausches im Rahmen verschiedener Mobilit\u00e4tsprogramme der Akademie der bildenden K\u00fcnste Wien. Eine Weitergabe Ihrer personenbezogenen Angaben an Dritte erfolgt nicht, es sei denn, dass dies zum Zwecke des Studienaustausches erforderlich ist. Dies gilt auch f\u00fcr die Zeit nach Beendigung der Mobilit\u00e4t zwecks Informationsaustausch mit Studierenden der Akademie.<\/p>\n\n\n\n<p>Bewerber_innen aus Drittstaaten werden zudem zus\u00e4tzlich davon in Kenntnis gesetzt, dass ihre personenbezogenen Daten zwecks Abwicklung ihres Visumsantrages f\u00fcr den Studierendenaustausch an den \u00d6sterreichischen Austauschdienst (OeAD-GmbH) und von diesem an das Bundesministerium f\u00fcr europ\u00e4ische und internationale Angelegenheiten (BMEIA) sowie an das Bundesministerium f\u00fcr Inneres (BMI) weitergegeben werden. Es erfolgt dabei keine \u00dcberpr\u00fcfung der gemeldeten Daten durch die OeAD-GmbH (siehe auch: <a href=\"https:\/\/oead.at\/de\/datenschutz\/\" target=\"_blank\" rel=\"noreferrer noopener\">https:\/\/oead.at\/de\/datenschutz\/<\/a> Punkt 15)) .<\/p>\n\n\n\n<p>Die Daten werden w\u00e4hrend der Dauer des Bewerbungsprozesses und des Studierendenaustausches f\u00fcr 10 Jahre aufbewahrt und nach Beendigung vernichtet; dies gilt auch f\u00fcr eine erfolglose Bewerbung.<\/p>\n\n\n\n<p>Der_Die Bewerber_in stimmt mit Versendung der Bewerbung zu, dass s\u00e4mtliche personenbezogenen Daten zu den genannten Zwecken verarbeitet werden.<\/p>\n<\/div><\/div>\n","protected":false},"excerpt":{"rendered":"<p>Datenschutzerkl\u00e4rung Der Schutz und die Sicherheit Ihrer pers\u00f6nlichen Daten sind uns ein wichtiges Anliegen. Diese Webseite speichert und verarbeitet Daten daher ausschlie\u00dflich im Sinne der \u00f6sterreichischen und europ\u00e4ischen Datenschutzgrundverordnung (DSGVO). Sie als Nutzer_in stimmen der Datenverarbeitung im Sinne dieser Erkl\u00e4rung zu. Die aktuelle Fassung der DSGVO finden sie unter: http:\/\/eur-lex.europa.eu\/legal-content\/DE\/TXT\/HTML\/?uri=CELEX:32016R0679&amp;from=DE. Diese Datenschutzerkl\u00e4rung bezieht sich auf [&hellip;]<\/p>\n","protected":false},"author":2,"featured_media":0,"parent":0,"menu_order":0,"comment_status":"closed","ping_status":"closed","template":"","meta":{"footnotes":""},"class_list":["post-33","page","type-page","status-publish","hentry","missing-thumbnail"],"_links":{"self":[{"href":"https:\/\/virtual-gallery-ikl.akbild.ac.at\/index.php\/wp-json\/wp\/v2\/pages\/33"}],"collection":[{"href":"https:\/\/virtual-gallery-ikl.akbild.ac.at\/index.php\/wp-json\/wp\/v2\/pages"}],"about":[{"href":"https:\/\/virtual-gallery-ikl.akbild.ac.at\/index.php\/wp-json\/wp\/v2\/types\/page"}],"author":[{"embeddable":true,"href":"https:\/\/virtual-gallery-ikl.akbild.ac.at\/index.php\/wp-json\/wp\/v2\/users\/2"}],"replies":[{"embeddable":true,"href":"https:\/\/virtual-gallery-ikl.akbild.ac.at\/index.php\/wp-json\/wp\/v2\/comments?post=33"}],"version-history":[{"count":12,"href":"https:\/\/virtual-gallery-ikl.akbild.ac.at\/index.php\/wp-json\/wp\/v2\/pages\/33\/revisions"}],"predecessor-version":[{"id":2729,"href":"https:\/\/virtual-gallery-ikl.akbild.ac.at\/index.php\/wp-json\/wp\/v2\/pages\/33\/revisions\/2729"}],"wp:attachment":[{"href":"https:\/\/virtual-gallery-ikl.akbild.ac.at\/index.php\/wp-json\/wp\/v2\/media?parent=33"}],"curies":[{"name":"wp","href":"https:\/\/api.w.org\/{rel}","templated":true}]}}